{"id":74,"date":"2022-03-23T16:23:00","date_gmt":"2022-03-23T15:23:00","guid":{"rendered":"https:\/\/hemen.noblogs.org\/?page_id=74"},"modified":"2022-03-24T11:53:34","modified_gmt":"2022-03-24T10:53:34","slug":"hemen-eine-neue-intersektionale-kommune","status":"publish","type":"page","link":"https:\/\/hemen.noblogs.org\/","title":{"rendered":"Hemen &#8211; una comunidad pol\u00edtica"},"content":{"rendered":"<h4>Hemen &#8211; una comunidad pol\u00edtica<\/h4>\n<h5>\u00bfTienes ganas de fundar una comunidad pol\u00edtica (comuna) con gente de diferentes posiciones sociales y de dise\u00f1arlo en un lugar lindo y tranquilo?<\/h5>\n<p>Al comienzo ver\u00e1s a grandes rasgos por qu\u00e9 y c\u00f3mo y, m\u00e1s abajo se vuelve un poco m\u00e1s concreto. Pero no demasiado ya que se trata de un proyecto com\u00fan. \ud83d\ude00<\/p>\n<p>&nbsp;<\/p>\n<p><em><u>Pol\u00edtico porque \u2026<\/u><\/em><\/p>\n<p><u>algo tiene que cambiar imprescendiblemente a nivel social, hacia mejores condiciones de vida y m\u00e1s igualdad de derechos y chances para toda la gente en el\u00a0 mundo, menos dolor para gente y animales, menos destrucci\u00f3n de nuestras bases de vida.<\/u><\/p>\n<p><em><u>Comunidad porque \u2026<\/u><\/em><\/p>\n<p><u>objetivos pol\u00edticos se logran mejor en conjunto<\/u>, porque bien visto conocemos m\u00e1s gente y organizaciones, es decir, tenemos un radio m\u00e1s amplio cuando les necesitamos. Juntos tenemos m\u00e1s ideas, m\u00e1s capacidades, m\u00e1s posibilidades y m\u00e1s recursos. Podemos apoyarnos, ayudarnos y aliviarnos mutuamente.<\/p>\n<p>Esto es<u> mucho mejor que soles, si vivimos en una solidaridad fiable y en un grupo que nos acoge y nos valora.<\/u><\/p>\n<p>Al darnos mutuamente atenci\u00f3n en el grupo, nos preocupamos y compartimos nuestros recursos (tambi\u00e9n el dinero), le damos la espalda al capitalismo y al sistema de la competencia. Esto tambi\u00e9n hace cambiar la forma de pensar sobre nosotres mismes y sobre les dem\u00e1s y c\u00f3mo nos sentimos.<\/p>\n<p>Adem\u00e1s esto<u> trae chances expectaculares:<\/u> podemos hacer solo eso que nos podemos imaginar. Todo lo que es nuevo y distinto y tambi\u00e9n funciona nos da la posibilidad de elegir lo que encontramos mejor. Podemos seguir haciendo algo como siempre o como lo hemos aprendido de otra persona. De esta manera podemos seguir experimentando c\u00f3mo quisi\u00e9ramos ser y desarrollarnos.<\/p>\n<p>&nbsp;<\/p>\n<p><em><u>Gente de diversas posiciones sociales porque \u2026<\/u><\/em><\/p>\n<p><u>\u00a1el logro de nuestros objetivos se vuelve realista!<\/u><\/p>\n<p>La posici\u00f3n social dice qu\u00e9 lugar tiene una persona en la sociedad o puede tener, es decir, qu\u00e9 derechos y qu\u00e9 oportunidades tiene y c\u00f3mo le enfrentan otras personas.<\/p>\n<p>Puede pasar f\u00e1cilmente que perdamos de vista problemas que no nos tocan directamente. Pero si estamos permanentemente concientes y somos emp\u00e1tiques de la cotideanidad de nuestres convecines, podremos acercarnos a sus perspectivas y entenderles. Sus intereses y objetivos se vuelven en parte los propios. Esto nos fortalece contra marginalizaci\u00f3n, descalificaci\u00f3n y otras discriminaciones. Quienes est\u00e1n afectades (de forma negativa) recibir\u00e1n m\u00e1s apoyo, valor y fuerza. Para les m\u00e1s favorecides, un tema se vuelve central: \u00bfde qu\u00e9 manera pueden aplicar su poder y posibilidades de forma razonable? Est\u00e1n m\u00e1s motivades.<\/p>\n<p>Adem\u00e1s: <u>si la comunidad es tan diversa que ninguna persona se siente expuesta (estructuralmente), somos todes libres de relajarnos y de mostrarnos como simplemente somos!<\/u><\/p>\n<p><em><u>En un lugar lindo y tranquilo porque \u2026<\/u><\/em><\/p>\n<p><u>influye en c\u00f3mo nos sentimos y c\u00f3mo nos entregamos a este proyecto.<\/u> \u00a1Todes nos tenemos que sentir bien! Adem\u00e1s podemos ser mejor para otres.<\/p>\n<p>Lo que nos une es el deseo de una comunidad estable, heterog\u00e9nea, que se valore a s\u00ed misma de unas quince a 25 personas que comparte el ideario de una red comunal (<a href=\"https:\/\/www.kommuja.de\/politisches-selbstverstandnis-der-kommuja-kommunen\">https:\/\/www.kommuja.de\/politisches-selbstverstandnis-der-kommuja-kommunen<\/a>) , que es activa en muchos campos y en diferentes niveles y que influye (pol\u00edticamente) para hacer del mundo uno mejor y contrarestar lo negativo.<\/p>\n<p>No se trata solo de evitar acciones que puedan causar da\u00f1os a otras personas o animales. Porque nadie puede o quiere hacer todo: pero juntes podemos ver c\u00f3mo combinar nuestras inclinaciones, capacidades y habilidades en vista a comprometernos contra la crisis clim\u00e1tica y sus consecuencias, contra el capitalismo y sus consecuencias, contra discriminaci\u00f3n y marginalizaci\u00f3n y para el acceso de recursos importantes para todas las personas, por derechos de libertad y buenas condiciones de vida para todes, por la protecci\u00f3n del medio ambiente y justicia clim\u00e1tica.<\/p>\n<p>Tambi\u00e9n se a\u00f1aden nuestros temas y puntos escenciales personales.<\/p>\n<p>Queremos darnos mucho tiempo, para escuchar, desarrollar empat\u00eda, reflexionar, entender y cambiar. Y queremos compartir nuestros recursos (conocimientos, propiedad, accesos, &#8230;). Queremos estar dispuestes a mirar nuestras propias necesidades en el contexto de les otres y dejar atr\u00e1s conceptos como la l\u00f3gica del trueque y de la propiedad, \u201cbueno\/malo\u201d, \u201ccorrecto\/falso\u201d, \u201cculpa\u201d y \u201cdiversas valoraciones de las personas\u201d. A cambio de esto ser\u00e1 importante cultivar la comprenci\u00f3n, la calma, la honradez y la confianza as\u00ed como una cierta esperanza. Vamos a cambiar.<\/p>\n<p>Autodeterminaci\u00f3n en el actuar y modo de vida se pensar\u00e1 en conjunto con responsabilidad, el autocuidado para s\u00ed misme, para otras personas y la sociedad\/medio ambiente en su conjunto.<\/p>\n<p>Para nosotres es importante estar conectades de diferentes maneras como comunidad para a su vez poder dise\u00f1ar con otros grupos un intercambio inspirador, el apoyo mutuo y cooperaciones.<\/p>\n<p>Y necesitamos un buen lugar como base donde podamos sentirnos bien y relajarnos! El lugar ideal ser\u00eda: en lo posible tranquilo, lejos de cualquier tipo de industria y de tr\u00e1fico, en o cerca de un bello bosque, con jard\u00edn, vecines no muy cerca o mejor: simp\u00e1ticos, posibilidad de ba\u00f1arse cerca y con buena vista y al mismo tiempo llegar en bicicleta o con transporte p\u00fabico a zonas de pueblos o ciudades no lejanas en las que podamos intervenir\/actuar y donde podamos conectarnos. (y es tambi\u00e9n importante para llegar donde nosotres o salir de ah\u00ed). El lugar tambi\u00e9n deber\u00eda ofrecer diversos talleres y actividades creativas, sociales y de encuentros as\u00ed como viviendas temporales y seminarios\/talleres, &#8230; y seg\u00fan necesidad pueda ampliarse.<\/p>\n<p>De esta manera pueden tambi\u00e9n otras personas aprovechar y usar este lugar para relajarse, para intercambio, inspiraci\u00f3n, reflexi\u00f3n, etc.<\/p>\n<p>Finalmente queremos desarrollar juntes mejores formas sociales de trato a las establecidas!<\/p>\n<p>No todos los objetivos y deseos ser\u00e1n alcanzables y es importante para nosotres que esto no lleve a (conflictos) que nos tiremos mutuamente para abajo o a destruir el grupo.<\/p>\n<p>Esto ser\u00eda todo, formulado inocentemente y reducido a lo superficial,\u00a0 muy vago y, t\u00fa, que lo est\u00e1s leyendo, vas a asociar estas palabras seguramente con otras cosas que como las que siente cada une de nosotres. Pero si hasta aqu\u00ed te has sentido bien, entonces conversemos y veamos si acaso queremos lo mismo. \u00bfCu\u00e1les son tus temas y utop\u00edas? Y si tienes preguntas sobre los contenidos o si quieres saber qui\u00e9n ya est\u00e1 y cu\u00e1les son nuestras posiciones, escr\u00edbenos: <a href=\"mailto:gemeinsam_mehr_erreichen@riseup.net\">gemeinsam_mehr_erreichen@riseup.net<\/a><\/p>\n<p>\u00a1Nos alegrar\u00edamos de conocerte y ansiamos tener objetivos concretos, forjar planes a realizar y empezar!<\/p>\n","protected":false},"excerpt":{"rendered":"<p>Hemen &#8211; una comunidad pol\u00edtica \u00bfTienes ganas de fundar una comunidad pol\u00edtica (comuna) con gente de diferentes posiciones sociales y de dise\u00f1arlo en un lugar lindo y tranquilo? Al comienzo ver\u00e1s a grandes rasgos por qu\u00e9 y c\u00f3mo y, m\u00e1s abajo se vuelve un poco m\u00e1s concreto. Pero no demasiado ya que se trata de&hellip; <a class=\"more-link\" href=\"https:\/\/hemen.noblogs.org\/\">Seguir leyendo <span class=\"screen-reader-text\">Hemen &#8211; una comunidad pol\u00edtica<\/span><\/a><\/p>\n","protected":false},"author":17491,"featured_media":0,"parent":0,"menu_order":0,"comment_status":"closed","ping_status":"closed","template":"","meta":{"_locale":"es_ES","_original_post":"https:\/\/hemen.noblogs.org\/?page_id=9","footnotes":""},"class_list":["post-74","page","type-page","status-publish","hentry","es-ES","entry"],"_links":{"self":[{"href":"https:\/\/hemen.noblogs.org\/wp-json\/wp\/v2\/pages\/74","targetHints":{"allow":["GET"]}}],"collection":[{"href":"https:\/\/hemen.noblogs.org\/wp-json\/wp\/v2\/pages"}],"about":[{"href":"https:\/\/hemen.noblogs.org\/wp-json\/wp\/v2\/types\/page"}],"author":[{"embeddable":true,"href":"https:\/\/hemen.noblogs.org\/wp-json\/wp\/v2\/users\/17491"}],"replies":[{"embeddable":true,"href":"https:\/\/hemen.noblogs.org\/wp-json\/wp\/v2\/comments?post=74"}],"version-history":[{"count":3,"href":"https:\/\/hemen.noblogs.org\/wp-json\/wp\/v2\/pages\/74\/revisions"}],"predecessor-version":[{"id":105,"href":"https:\/\/hemen.noblogs.org\/wp-json\/wp\/v2\/pages\/74\/revisions\/105"}],"wp:attachment":[{"href":"https:\/\/hemen.noblogs.org\/wp-json\/wp\/v2\/media?parent=74"}],"curies":[{"name":"wp","href":"https:\/\/api.w.org\/{rel}","templated":true}]}}