{"id":14,"date":"2022-03-13T12:06:32","date_gmt":"2022-03-13T11:06:32","guid":{"rendered":"https:\/\/hemen.noblogs.org\/?page_id=14"},"modified":"2022-03-24T11:52:57","modified_gmt":"2022-03-24T10:52:57","slug":"hemen-eine-neue-intersektionale-kommune","status":"publish","type":"page","link":"https:\/\/hemen.noblogs.org\/","title":{"rendered":"Hemen &#8211; Commune intersectionelle"},"content":{"rendered":"<div class=\"wp-container-6 wp-block-group\">\n<h4 class=\"alignwide wp-block-post-title\">Hemen \u2013 Commune intersectionelle<\/h4>\n<\/div>\n<div class=\"wp-container-7 entry-content wp-block-post-content\">\n<p>Souhaitez-vous fonder et fa\u00e7onner une communaut\u00e9 (commune) politiquement intersectionnelle dans le pays avec des personnes de positions sociales diff\u00e9rentes qui \u00e9vitent la souffrance animale ?<\/p>\n<p>[Le positionnement social signifie quelle place une personne a ou peut avoir dans la soci\u00e9t\u00e9 \u2013 c\u2019est-\u00e0-dire quels droits et quelles chances elle a ou peut avoir et comment les autres personnes la rencontrent.]<\/p>\n<p>Nous avons trouv\u00e9 un endroit magnifique et id\u00e9alement situ\u00e9 \u00e0 un point de contact entre le village et la lisi\u00e8re de la for\u00eat de la r\u00e9serve naturelle \u201eHoher Mei\u00dfner\u201c et recherchons des personnes ayant des int\u00e9r\u00eats similaires pour cr\u00e9er un nouveau groupe dans le r\u00e9seau de Hesse du Nord de des projets de communaut\u00e9.<\/p>\n<p>Grosso modo, notre motivation ressemble \u00e0 ceci :<\/p>\n<p>Politiquement intersectionnel parce que\u2026<\/p>\n<p>quelque chose devrait certainement changer dans la soci\u00e9t\u00e9 \u2013 vers de bonnes conditions de vie et des droits et des opportunit\u00e9s plus \u00e9gaux pour tous les peuples du monde, moins de souffrance pour les personnes et les animaux, moins de destruction de nos moyens de subsistance.<\/p>\n<p>Communaut\u00e9 communale parce que\u2026<\/p>\n<p>les objectifs politiques deviennent plus r\u00e9alisables ensemble . Dans l\u2019ensemble, nous connaissons plus de personnes et d\u2019organisations et avons un r\u00e9seau plus large lorsque nous en avons besoin. Ensemble, nous avons plus d\u2019id\u00e9es, de comp\u00e9tences, d\u2019opportunit\u00e9s et de ressources. Nous pouvons nous soutenir, nous aider et nous soulager afin d\u2019aborder des objectifs communs.<\/p>\n<p>lorsque nous vivons dans une solidarit\u00e9 fiable et dans un groupe o\u00f9 nous sommes accept\u00e9s et valoris\u00e9s, nous trouvons cela beaucoup plus confortable et significatif que seul [a] . En plus du sentiment imm\u00e9diat de bien-\u00eatre, il y aura \u00e9galement des changements \u00e0 long terme dans la fa\u00e7on dont nous pensons et ressentons \u00e0 propos de nous-m\u00eames et des autres : par exemple, en faisant attention les uns aux autres dans un groupe, en prenant soin les uns des autres et en partageant nos ressources (dont l\u2019argent) les unes avec les autres, nous nous tournons vers nous-m\u00eames un peu loin de la pens\u00e9e comp\u00e9titive du capitalisme, des d\u00e9pendances salariales (\u00e0 moins que le statut de r\u00e9sidence n\u2019en d\u00e9pende) et de l\u2019individualisme.<\/p>\n<p>qui rec\u00e8le de nombreuses opportunit\u00e9s :\u00a0 Nous ne pouvons faire que ce que nous pouvons imaginer. Au contact des autres, nous apprenons toujours comment nous pourrions regarder ou faire quelque chose (compl\u00e8tement) diff\u00e9remment, puis avoir de nouvelles options \u2013 continuer comme avant ou adopter ce que nous aimons mieux ou ce qu\u2019il a inspir\u00e9. Cela nous permet \u00e0 tous d\u2019explorer davantage qui nous voulons \u00eatre et de prosp\u00e9rer.<\/p>\n<p>Nous sommes conscients qu\u2019il y aura des conflits et des tensions.<\/p>\n<p>Mais nous devons \u00e9galement d\u00e9velopper un sentiment diff\u00e9rent pour cela au fil du temps en poursuivant les objectifs de vivre ensemble de mani\u00e8re engag\u00e9e sur le long terme, en questionnant et en d\u00e9veloppant nos images de nous-m\u00eames dans le contexte du monde et nos sentiments, pens\u00e9es et modes d\u2019interaction correspondants. beaucoup plus compl\u00e8te que nous-m\u00eames peuvent \u00eatre bri\u00e8vement d\u00e9crites ici, pour trouver et \u00e9tablir des formes d\u2019interaction sociale que nous trouvons meilleures que les habituelles, pour \u00eatre continuellement accompagn\u00e9s par d\u2019autres personnes\/groupes et ne pas finir par tourner autour de nous-m\u00eames.<\/p>\n<p>Diff\u00e9rentes personnes socialement positionn\u00e9es, parce que\u2026<\/p>\n<p>nous pouvons atteindre nos objectifs de mani\u00e8re plus r\u00e9aliste !<\/p>\n<p>Nous\u00a0 n\u2019avons pas\u00a0 grandi de telle mani\u00e8re que nous soyons suffisamment conscients des r\u00e9alit\u00e9s de la vie des personnes qui ont des positions diff\u00e9rentes. Nous constatons qu\u2019\u00eatre per\u00e7u et respect\u00e9 socialement et faire l\u2019exp\u00e9rience de l\u2019autod\u00e9termination avec du soutien se sent tr\u00e8s bien \u2013 tout comme \u00eatre per\u00e7u, respect\u00e9 et soutenu par les autres. Et nous voulons \u00eatre actifs en tant que groupe pour de bonnes conditions de vie et plus d\u2019\u00e9galit\u00e9 des droits et des chances pour tous.<\/p>\n<p>Cela se traduit par\u2026<\/p>\n<p>Aussi : lorsque la communaut\u00e9 est si diversifi\u00e9e que personne ne se sent (structurellement) expos\u00e9, chacun est plus libre de se d\u00e9tendre et de montrer qui nous sommes !<\/p>\n<p>Eviter la souffrance animale car\u2026<\/p>\n<p>\u00e7a fait mal.<\/p>\n<p>De plus, les fronti\u00e8res entre \u201equi appartient et ne doit pas \u00eatre tourment\u00e9 (comme \u00e7a)\u201c et \u201equi est en dehors de lui\u201c sont effroyablement faciles \u00e0 d\u00e9placer en fonction du contexte, si nous sommes fondamentalement d\u2019accord sur le fait que tourmenter est acceptable et que la violence est acceptable \u2013 juste contre elle les cr\u00e9atures qui n\u2019appartiennent pas.<\/p>\n<p>Et parce que l\u2019industrie animale contribue de mani\u00e8re significative au changement climatique, nous n\u2019avons pas absolument besoin de parties ou de produits d\u2019animaux, mais d\u2019un climat mondial propice \u00e0 la vie.<\/p>\n<p>Ce qui devrait nous unir, c\u2019est le d\u00e9sir d\u2019une communaut\u00e9 stable, diversifi\u00e9e et reconnaissante d\u2019environ 15 \u00e0 25 personnes qui partagent l\u2019image de soi du r\u00e9seau communautaire Kommuja \/ <a href=\"https:\/\/www.kommuja.de\/politisches-selbstverstandnis-der-kommuja-kommunen\/\">https:\/\/www.kommuja.de\/politisches-selbstverstandnis-der-kommuja-kommunen\/<\/a>. En tant que groupe, nous voulons \u00eatre diversifi\u00e9s, actifs et influents \u00e0 diff\u00e9rents niveaux pour aider \u00e0 rendre le monde meilleur ou pour \u00e9viter qu\u2019il ne s\u2019aggrave.<\/p>\n<p>Il ne s\u2019agit donc pas seulement d\u2019\u00e9viter les actions qui causent (feront) souffrir d\u2019autres personnes ou animaux. Personne ne peut et ne veut tout faire \u2013 mais ensemble, nous pouvons examiner comment nous combinons nos inclinations, nos comp\u00e9tences et nos capacit\u00e9s de mani\u00e8re \u00e0 nous impliquer, par exemple, contre la crise climatique et ses cons\u00e9quences, contre le capitalisme et ses cons\u00e9quences, contre la discrimination et l\u2019exclusion, et pour l\u2019Acc\u00e8s \u00e0 des ressources importantes pour tous, pour les droits \u00e0 la libert\u00e9 et de bonnes conditions de vie pour tous, pour la protection de l\u2019environnement et la justice climatique\u2026<\/p>\n<p>De plus, il y a nos sujets personnels et nos points focaux.<\/p>\n<p>Nous voulons donc nous donner beaucoup de temps \u2013 pour \u00e9couter, d\u00e9velopper de l\u2019empathie, r\u00e9fl\u00e9chir, comprendre et changer. Et nous voulons partager nos ressources (savoir, propri\u00e9t\u00e9, acc\u00e8s,\u2026). Pour ce faire, nous voulons \u00eatre dispos\u00e9s \u00e0 consid\u00e9rer nos propres besoins dans le contexte des autres et \u00e0 abandonner des concepts tels que la logique de l\u2019\u00e9change et de la propri\u00e9t\u00e9, \u00ab bon\/mauvais \u00bb, \u00ab vrai\/faux \u00bb, \u00ab culpabilit\u00e9 \u00bb et \u201ediff\u00e9rentes valeurs des gens\u201c. Au lieu de cela, ce qui compte, c\u2019est la n\u00f4tre D\u00e9velopper des comp\u00e9tences personnelles et sociales, telles que cultiver la pleine conscience, la s\u00e9r\u00e9nit\u00e9, l\u2019honn\u00eatet\u00e9, la confiance et la patience, ainsi qu\u2019une certaine confiance. Nous allons changer. <img decoding=\"async\" class=\"emoji\" role=\"img\" src=\"https:\/\/s0.wp.com\/wp-content\/mu-plugins\/wpcom-smileys\/twemoji\/2\/svg\/1f642.svg\" alt=\"\ud83d\ude42\" \/><\/p>\n<p>Autod\u00e9termination dans l\u2019action et le style de vie doivent \u00eatre pens\u00e9s avec la responsabilit\u00e9\/prendre soin de soi,<\/p>\n<p>Il est \u00e9galement important pour nous d\u2019\u00eatre diversement mis en r\u00e9seau en tant que communaut\u00e9 afin de pouvoir cr\u00e9er des \u00e9changes inspirants, un soutien mutuel et une coop\u00e9ration avec d\u2019autres groupes. Cela est \u00e9galement possible de diff\u00e9rentes mani\u00e8res dans les environs imm\u00e9diats \u00e0 l\u2019emplacement id\u00e9al dans le nord de la Hesse : le r\u00e9seau d\u2019interphone des projets communautaires qui offrent \u201eR\u00e9gion en transition\u201c et de nombreuses initiatives \u00e9cologiques, telles que celles contre la construction de les diverses possibilit\u00e9s de connexion et de coop\u00e9ration de l\u2019A44.<\/p>\n<p>Sinon, l\u2019endroit r\u00e9pond \u00e0 presque tous nos souhaits, c\u2019est ce qu\u2019il faut pour s\u2019y sentir \u00e0 l\u2019aise et d\u00e9tendu : l\u2019un des b\u00e2timents est structurellement sans barri\u00e8re. La propri\u00e9t\u00e9 foresti\u00e8re en bordure d\u2019une petite ville assez haut sur le Mei\u00dfner est grande, offre une belle vue et est loin des industries. C\u2019est calme, les voisins ne sont pas trop proches \u2013 et certains d\u2019entre eux sont assez sympathiques, comme nous l\u2019avons d\u00e9j\u00e0 remarqu\u00e9. Il y a beaucoup d\u2019espace pour vivre, pour une grande vari\u00e9t\u00e9 d\u2019activit\u00e9s de travail et cr\u00e9atives, sociales et de rencontres, s\u00e9minaires et ateliers\u2026 Il y a un lac de baignade \u00e0 quelques kilom\u00e8tres et les for\u00eats environnantes invitent \u00e0 la randonn\u00e9e et \u00e0 la marche. Dans le m\u00eame temps, l\u2019endroit est facilement accessible par les transports en commun et il y a une liaison en tramway vers Kassel dans la vall\u00e9e.<\/p>\n<p>Un endroit parfait pour venir se reposer mais aussi pour \u00e9changer, s\u2019inspirer, r\u00e9fl\u00e9chir, etc.<\/p>\n<p>Tous ces objectifs semblent ambitieux et probablement tous les souhaits ne seront pas r\u00e9alisables. C\u2019est important pour nous de ne pas se rabaisser ou de briser le groupe !<\/p>\n<p>Encore un petit recueil d\u2019id\u00e9es sur ce qu\u2019on pourrait faire ensemble l\u00e0-bas au-del\u00e0 de ce qui est \u00e9crit ci-dessus : boutique du mini-village (orient\u00e9e vers une production globalement durable et un coin cadeaux), caf\u00e9 v\u00e9g\u00e9talien (logique de libre \u00e9change ?), narration\/histoire et soir\u00e9es \u00e0 th\u00e8me, village sauna &amp; bassin de baignade, projets socio-\u00e9ducatifs, espace (solidaire) de d\u00e9tente, (auto)r\u00e9flexion et loisirs, formation militante, escalade et sport, projets pour la transition mobilit\u00e9, r\u00e9seaux de location et entraide ateliers, \u00e9nergies r\u00e9g\u00e9n\u00e9ratives (r\u00e9seaux), for\u00eat &amp; jardin, inclusion\u2026<\/p>\n<p>Vous, la personne qui lisez ceci, remplirez certainement les mots d\u2019associations diff\u00e9rentes de celles de chacun d\u2019entre nous, du moins en partie. Mais si vous vous en sortez bien jusqu\u2019\u00e0 pr\u00e9sent, alors contactons-nous et voyons si nous pourrions (assez) vouloir la m\u00eame chose ! \u2013 Quels sont vos th\u00e8mes et utopies ?<\/p>\n<p>Et si vous avez des questions sur le contenu ou souhaitez savoir qui y est d\u00e9j\u00e0 et quel est notre positionnement, n\u2019h\u00e9sitez pas \u00e0 nous contacter : <a href=\"mailto:gemeinsam_mehr_erreichen@riseup.net\">gemeinsam_mehr_erreichen@riseup.net<\/a><\/p>\n<p>Nous avons h\u00e2te de faire votre connaissance et avons h\u00e2te de commencer ! =D<\/p>\n<\/div>\n<p>&nbsp;<\/p>\n","protected":false},"excerpt":{"rendered":"<p>Hemen \u2013 Commune intersectionelle Souhaitez-vous fonder et fa\u00e7onner une communaut\u00e9 (commune) politiquement intersectionnelle dans le pays avec des personnes de positions sociales diff\u00e9rentes qui \u00e9vitent la souffrance animale ? [Le positionnement social signifie quelle place une personne a ou peut avoir dans la soci\u00e9t\u00e9 \u2013 c\u2019est-\u00e0-dire quels droits et quelles chances elle a ou peut&hellip; <a class=\"more-link\" href=\"https:\/\/hemen.noblogs.org\/\">Poursuivre la lecture <span class=\"screen-reader-text\">Hemen &#8211; Commune intersectionelle<\/span><\/a><\/p>\n","protected":false},"author":17491,"featured_media":0,"parent":0,"menu_order":0,"comment_status":"closed","ping_status":"closed","template":"","meta":{"_locale":"fr_FR","_original_post":"https:\/\/hemen.noblogs.org\/?page_id=9","footnotes":""},"class_list":["post-14","page","type-page","status-publish","hentry","fr-FR","entry"],"_links":{"self":[{"href":"https:\/\/hemen.noblogs.org\/wp-json\/wp\/v2\/pages\/14","targetHints":{"allow":["GET"]}}],"collection":[{"href":"https:\/\/hemen.noblogs.org\/wp-json\/wp\/v2\/pages"}],"about":[{"href":"https:\/\/hemen.noblogs.org\/wp-json\/wp\/v2\/types\/page"}],"author":[{"embeddable":true,"href":"https:\/\/hemen.noblogs.org\/wp-json\/wp\/v2\/users\/17491"}],"replies":[{"embeddable":true,"href":"https:\/\/hemen.noblogs.org\/wp-json\/wp\/v2\/comments?post=14"}],"version-history":[{"count":3,"href":"https:\/\/hemen.noblogs.org\/wp-json\/wp\/v2\/pages\/14\/revisions"}],"predecessor-version":[{"id":104,"href":"https:\/\/hemen.noblogs.org\/wp-json\/wp\/v2\/pages\/14\/revisions\/104"}],"wp:attachment":[{"href":"https:\/\/hemen.noblogs.org\/wp-json\/wp\/v2\/media?parent=14"}],"curies":[{"name":"wp","href":"https:\/\/api.w.org\/{rel}","templated":true}]}}